{"id":13,"date":"2025-09-01T13:41:12","date_gmt":"2025-09-01T13:41:12","guid":{"rendered":"https:\/\/soniaperruquers.rkinformatika.online\/?page_id=13"},"modified":"2026-01-13T16:40:37","modified_gmt":"2026-01-13T16:40:37","slug":"inicio","status":"publish","type":"page","link":"https:\/\/soniaperruquers.com\/ca\/","title":{"rendered":"Inici"},"content":{"rendered":"<div data-elementor-type=\"wp-page\" data-elementor-id=\"13\" class=\"elementor elementor-13\" data-elementor-post-type=\"page\">\n\t\t\t\t<div class=\"elementor-element elementor-element-390cc46 e-flex e-con-boxed e-con e-parent\" data-id=\"390cc46\" data-element_type=\"container\" data-e-type=\"container\" data-settings=\"{&quot;background_background&quot;:&quot;classic&quot;}\">\n\t\t\t\t\t<div class=\"e-con-inner\">\n\t\t\t\t<div class=\"elementor-element elementor-element-3efe4ba elementor-invisible elementor-widget elementor-widget-heading\" data-id=\"3efe4ba\" data-element_type=\"widget\" data-e-type=\"widget\" data-settings=\"{&quot;_animation&quot;:&quot;fadeInLeft&quot;}\" data-widget_type=\"heading.default\">\n\t\t\t\t\t<h2 class=\"elementor-heading-title elementor-size-default\">Sonia Perruquers<\/h2>\t\t\t\t<\/div>\n\t\t\t\t<div class=\"elementor-element elementor-element-861d650 elementor-invisible elementor-widget elementor-widget-text-editor\" data-id=\"861d650\" data-element_type=\"widget\" data-e-type=\"widget\" data-settings=\"{&quot;_animation&quot;:&quot;fadeInUp&quot;}\" data-widget_type=\"text-editor.default\">\n\t\t\t\t\t\t\t\t\t<p>La teva imatge, la nostra passi\u00f3.<\/p>\t\t\t\t\t\t\t\t<\/div>\n\t\t\t\t\t<\/div>\n\t\t\t\t<\/div>\n\t\t<div class=\"elementor-element elementor-element-8bce0e9 e-flex e-con-boxed e-con e-parent\" data-id=\"8bce0e9\" data-element_type=\"container\" data-e-type=\"container\" data-settings=\"{&quot;background_background&quot;:&quot;classic&quot;}\">\n\t\t\t\t\t<div class=\"e-con-inner\">\n\t\t<div class=\"elementor-element elementor-element-066a3ee e-con-full e-flex e-con e-child\" data-id=\"066a3ee\" data-element_type=\"container\" data-e-type=\"container\">\n\t\t\t\t<div class=\"elementor-element elementor-element-91b5003 elementor-widget elementor-widget-heading\" data-id=\"91b5003\" data-element_type=\"widget\" data-e-type=\"widget\" data-widget_type=\"heading.default\">\n\t\t\t\t\t<h2 class=\"elementor-heading-title elementor-size-default\">M\u00e9s que una perruqueria<\/h2>\t\t\t\t<\/div>\n\t\t\t\t<div class=\"elementor-element elementor-element-138afd0 elementor-widget elementor-widget-text-editor\" data-id=\"138afd0\" data-element_type=\"widget\" data-e-type=\"widget\" data-widget_type=\"text-editor.default\">\n\t\t\t\t\t\t\t\t\t<p data-start=\"206\" data-end=\"581\">A S\u00f2nia Perruquers fa m\u00e9s d\u201911 anys que ens dediquem a la cura i la bellesa del cabell, oferint a cada client una experi\u00e8ncia \u00fanica en un entorn proper, c\u00f2mode i professional. Des dels nostres inicis, hem treballat amb la ferma convicci\u00f3 que un bon pentinat o tractament no nom\u00e9s transforma la imatge, sin\u00f3 tamb\u00e9 la confian\u00e7a i la seguretat personal.<\/p><p data-start=\"583\" data-end=\"1011\">La nostra passi\u00f3 per la perruqueria es reflecteix en cada servei que realitzem. Apostem per la formaci\u00f3 cont\u00ednua per mantenir-nos al dia amb les \u00faltimes tend\u00e8ncies, t\u00e8cniques i productes del mercat, garantint aix\u00ed resultats moderns i personalitzats. Tant si es tracta d\u2019un tall cl\u00e0ssic, un canvi de color atrevit o un tractament reparador, el nostre objectiu \u00e9s que cada client se senti escoltat i satisfet amb el resultat.<\/p>\t\t\t\t\t\t\t\t<\/div>\n\t\t\t\t<\/div>\n\t\t<div class=\"elementor-element elementor-element-72ee57e e-con-full e-flex e-con e-child\" data-id=\"72ee57e\" data-element_type=\"container\" data-e-type=\"container\">\n\t\t\t\t<div class=\"elementor-element elementor-element-2dd8229 elementor-widget elementor-widget-image\" data-id=\"2dd8229\" data-element_type=\"widget\" data-e-type=\"widget\" data-widget_type=\"image.default\">\n\t\t\t\t\t\t\t\t\t\t\t\t\t\t\t<img fetchpriority=\"high\" decoding=\"async\" width=\"1500\" height=\"998\" src=\"https:\/\/soniaperruquers.com\/wp-content\/uploads\/2025\/09\/2150668430.jpg\" class=\"attachment-full size-full wp-image-317\" alt=\"\" srcset=\"https:\/\/soniaperruquers.com\/wp-content\/uploads\/2025\/09\/2150668430.jpg 1500w, https:\/\/soniaperruquers.com\/wp-content\/uploads\/2025\/09\/2150668430-300x200.jpg 300w, https:\/\/soniaperruquers.com\/wp-content\/uploads\/2025\/09\/2150668430-1024x681.jpg 1024w, https:\/\/soniaperruquers.com\/wp-content\/uploads\/2025\/09\/2150668430-768x511.jpg 768w, https:\/\/soniaperruquers.com\/wp-content\/uploads\/2025\/09\/2150668430-18x12.jpg 18w\" sizes=\"(max-width: 1500px) 100vw, 1500px\" \/>\t\t\t\t\t\t\t\t\t\t\t\t\t\t\t<\/div>\n\t\t\t\t<\/div>\n\t\t\t\t\t<\/div>\n\t\t\t\t<\/div>\n\t\t<div class=\"elementor-element elementor-element-efe9e8d e-con-full e-flex e-con e-parent\" data-id=\"efe9e8d\" data-element_type=\"container\" data-e-type=\"container\" data-settings=\"{&quot;background_background&quot;:&quot;classic&quot;}\">\n\t\t\t\t<div class=\"elementor-element elementor-element-ccdb73d elementor-cta--skin-cover elementor-animated-content elementor-bg-transform elementor-bg-transform-zoom-in elementor-widget elementor-widget-call-to-action\" data-id=\"ccdb73d\" data-element_type=\"widget\" data-e-type=\"widget\" data-widget_type=\"call-to-action.default\">\n\t\t\t\t\t\t\t<div class=\"elementor-cta\">\n\t\t\t\t\t<div class=\"elementor-cta__bg-wrapper\">\n\t\t\t\t<div class=\"elementor-cta__bg elementor-bg\" style=\"background-image: url(https:\/\/soniaperruquers.com\/wp-content\/uploads\/2025\/09\/11898725-1024x803.jpg);\" role=\"img\" aria-label=\"11898725\"><\/div>\n\t\t\t\t<div class=\"elementor-cta__bg-overlay\"><\/div>\n\t\t\t<\/div>\n\t\t\t\t\t\t\t<div class=\"elementor-cta__content\">\n\t\t\t\t\n\t\t\t\t\t\t\t\t\t<h2 class=\"elementor-cta__title elementor-cta__content-item elementor-content-item elementor-animated-item--grow\">\n\t\t\t\t\t\tUn sal\u00f3 on la bellesa i l\u2019experi\u00e8ncia es troben.\t\t\t\t\t<\/h2>\n\t\t\t\t\n\t\t\t\t\t\t\t\t\t<div class=\"elementor-cta__description elementor-cta__content-item elementor-content-item elementor-animated-item--grow\">\n\t\t\t\t\t\tExperts en talls, color i tractaments capil\u00b7lars.\t\t\t\t\t<\/div>\n\t\t\t\t\n\t\t\t\t\t\t\t\t\t<div class=\"elementor-cta__button-wrapper elementor-cta__content-item elementor-content-item elementor-animated-item--grow\">\n\t\t\t\t\t<a class=\"elementor-cta__button elementor-button elementor-size-\" href=\"https:\/\/soniaperruquers.com\/ca\/servicios\/\">\n\t\t\t\t\t\tSERVEIS\t\t\t\t\t<\/a>\n\t\t\t\t\t<\/div>\n\t\t\t\t\t\t\t<\/div>\n\t\t\t\t\t\t<\/div>\n\t\t\t\t\t\t<\/div>\n\t\t\t\t<\/div>\n\t\t\t\t<\/div>","protected":false},"excerpt":{"rendered":"<p>Sonia Perruquers Tu imagen, nuestra pasi\u00f3n. M\u00e1s que una peluquer\u00eda En Sonia Perruquers llevamos m\u00e1s de 11 a\u00f1os dedicados al cuidado y la belleza del cabello, ofreciendo a cada cliente una experiencia \u00fanica en un entorno cercano, c\u00f3modo y profesional. Desde nuestros inicios, hemos trabajado con la firme convicci\u00f3n de que un buen peinado o [&hellip;]<\/p>\n","protected":false},"author":1,"featured_media":0,"parent":0,"menu_order":0,"comment_status":"closed","ping_status":"closed","template":"elementor_canvas","meta":{"footnotes":""},"class_list":["post-13","page","type-page","status-publish","hentry"],"yoast_head":"<!-- This site is optimized with the Yoast SEO plugin v27.5 - https:\/\/yoast.com\/product\/yoast-seo-wordpress\/ -->\n<title>Inicio - Sonia Perruquers<\/title>\n<meta name=\"robots\" content=\"index, follow, max-snippet:-1, max-image-preview:large, max-video-preview:-1\" \/>\n<link rel=\"canonical\" href=\"https:\/\/soniaperruquers.com\/ca\/\" \/>\n<meta property=\"og:locale\" content=\"ca_ES\" \/>\n<meta property=\"og:type\" content=\"article\" \/>\n<meta property=\"og:title\" content=\"Inicio - Sonia Perruquers\" \/>\n<meta property=\"og:description\" content=\"Sonia Perruquers Tu imagen, nuestra pasi\u00f3n. M\u00e1s que una peluquer\u00eda En Sonia Perruquers llevamos m\u00e1s de 11 a\u00f1os dedicados al cuidado y la belleza del cabello, ofreciendo a cada cliente una experiencia \u00fanica en un entorno cercano, c\u00f3modo y profesional. Desde nuestros inicios, hemos trabajado con la firme convicci\u00f3n de que un buen peinado o [&hellip;]\" \/>\n<meta property=\"og:url\" content=\"https:\/\/soniaperruquers.com\/ca\/\" \/>\n<meta property=\"og:site_name\" content=\"Sonia Perruquers\" \/>\n<meta property=\"article:modified_time\" content=\"2026-01-13T16:40:37+00:00\" \/>\n<meta property=\"og:image\" content=\"https:\/\/soniaperruquers.com\/wp-content\/uploads\/2025\/09\/2150668430.jpg\" \/>\n\t<meta property=\"og:image:width\" content=\"1500\" \/>\n\t<meta property=\"og:image:height\" content=\"998\" \/>\n\t<meta property=\"og:image:type\" content=\"image\/jpeg\" \/>\n<meta name=\"twitter:card\" content=\"summary_large_image\" \/>\n<meta name=\"twitter:label1\" content=\"Temps estimat de lectura\" \/>\n\t<meta name=\"twitter:data1\" content=\"1 minut\" \/>\n<script type=\"application\/ld+json\" class=\"yoast-schema-graph\">{\"@context\":\"https:\\\/\\\/schema.org\",\"@graph\":[{\"@type\":\"WebPage\",\"@id\":\"https:\\\/\\\/soniaperruquers.com\\\/\",\"url\":\"https:\\\/\\\/soniaperruquers.com\\\/\",\"name\":\"Inicio - Sonia Perruquers\",\"isPartOf\":{\"@id\":\"https:\\\/\\\/soniaperruquers.com\\\/#website\"},\"primaryImageOfPage\":{\"@id\":\"https:\\\/\\\/soniaperruquers.com\\\/#primaryimage\"},\"image\":{\"@id\":\"https:\\\/\\\/soniaperruquers.com\\\/#primaryimage\"},\"thumbnailUrl\":\"https:\\\/\\\/soniaperruquers.com\\\/wp-content\\\/uploads\\\/2025\\\/09\\\/2150668430.jpg\",\"datePublished\":\"2025-09-01T13:41:12+00:00\",\"dateModified\":\"2026-01-13T16:40:37+00:00\",\"breadcrumb\":{\"@id\":\"https:\\\/\\\/soniaperruquers.com\\\/#breadcrumb\"},\"inLanguage\":\"ca\",\"potentialAction\":[{\"@type\":\"ReadAction\",\"target\":[\"https:\\\/\\\/soniaperruquers.com\\\/\"]}]},{\"@type\":\"ImageObject\",\"inLanguage\":\"ca\",\"@id\":\"https:\\\/\\\/soniaperruquers.com\\\/#primaryimage\",\"url\":\"https:\\\/\\\/soniaperruquers.com\\\/wp-content\\\/uploads\\\/2025\\\/09\\\/2150668430.jpg\",\"contentUrl\":\"https:\\\/\\\/soniaperruquers.com\\\/wp-content\\\/uploads\\\/2025\\\/09\\\/2150668430.jpg\"},{\"@type\":\"BreadcrumbList\",\"@id\":\"https:\\\/\\\/soniaperruquers.com\\\/#breadcrumb\",\"itemListElement\":[{\"@type\":\"ListItem\",\"position\":1,\"name\":\"Portada\",\"item\":\"https:\\\/\\\/soniaperruquers.com\\\/\"},{\"@type\":\"ListItem\",\"position\":2,\"name\":\"Inicio\"}]},{\"@type\":\"WebSite\",\"@id\":\"https:\\\/\\\/soniaperruquers.com\\\/#website\",\"url\":\"https:\\\/\\\/soniaperruquers.com\\\/\",\"name\":\"Sonia Perruquers\",\"description\":\"Peluquer\u00eda\",\"publisher\":{\"@id\":\"https:\\\/\\\/soniaperruquers.com\\\/#organization\"},\"potentialAction\":[{\"@type\":\"SearchAction\",\"target\":{\"@type\":\"EntryPoint\",\"urlTemplate\":\"https:\\\/\\\/soniaperruquers.com\\\/?s={search_term_string}\"},\"query-input\":{\"@type\":\"PropertyValueSpecification\",\"valueRequired\":true,\"valueName\":\"search_term_string\"}}],\"inLanguage\":\"ca\"},{\"@type\":\"Organization\",\"@id\":\"https:\\\/\\\/soniaperruquers.com\\\/#organization\",\"name\":\"Sonia Perruquers\",\"url\":\"https:\\\/\\\/soniaperruquers.com\\\/\",\"logo\":{\"@type\":\"ImageObject\",\"inLanguage\":\"ca\",\"@id\":\"https:\\\/\\\/soniaperruquers.com\\\/#\\\/schema\\\/logo\\\/image\\\/\",\"url\":\"https:\\\/\\\/soniaperruquers.com\\\/wp-content\\\/uploads\\\/2025\\\/09\\\/cropped-Alis-Hair-3.png\",\"contentUrl\":\"https:\\\/\\\/soniaperruquers.com\\\/wp-content\\\/uploads\\\/2025\\\/09\\\/cropped-Alis-Hair-3.png\",\"width\":758,\"height\":627,\"caption\":\"Sonia Perruquers\"},\"image\":{\"@id\":\"https:\\\/\\\/soniaperruquers.com\\\/#\\\/schema\\\/logo\\\/image\\\/\"}}]}<\/script>\n<!-- \/ Yoast SEO plugin. -->","yoast_head_json":{"title":"Inicio - Sonia Perruquers","robots":{"index":"index","follow":"follow","max-snippet":"max-snippet:-1","max-image-preview":"max-image-preview:large","max-video-preview":"max-video-preview:-1"},"canonical":"https:\/\/soniaperruquers.com\/ca\/","og_locale":"ca_ES","og_type":"article","og_title":"Inicio - Sonia Perruquers","og_description":"Sonia Perruquers Tu imagen, nuestra pasi\u00f3n. M\u00e1s que una peluquer\u00eda En Sonia Perruquers llevamos m\u00e1s de 11 a\u00f1os dedicados al cuidado y la belleza del cabello, ofreciendo a cada cliente una experiencia \u00fanica en un entorno cercano, c\u00f3modo y profesional. Desde nuestros inicios, hemos trabajado con la firme convicci\u00f3n de que un buen peinado o [&hellip;]","og_url":"https:\/\/soniaperruquers.com\/ca\/","og_site_name":"Sonia Perruquers","article_modified_time":"2026-01-13T16:40:37+00:00","og_image":[{"width":1500,"height":998,"url":"https:\/\/soniaperruquers.com\/wp-content\/uploads\/2025\/09\/2150668430.jpg","type":"image\/jpeg"}],"twitter_card":"summary_large_image","twitter_misc":{"Temps estimat de lectura":"1 minut"},"schema":{"@context":"https:\/\/schema.org","@graph":[{"@type":"WebPage","@id":"https:\/\/soniaperruquers.com\/","url":"https:\/\/soniaperruquers.com\/","name":"Inicio - Sonia Perruquers","isPartOf":{"@id":"https:\/\/soniaperruquers.com\/#website"},"primaryImageOfPage":{"@id":"https:\/\/soniaperruquers.com\/#primaryimage"},"image":{"@id":"https:\/\/soniaperruquers.com\/#primaryimage"},"thumbnailUrl":"https:\/\/soniaperruquers.com\/wp-content\/uploads\/2025\/09\/2150668430.jpg","datePublished":"2025-09-01T13:41:12+00:00","dateModified":"2026-01-13T16:40:37+00:00","breadcrumb":{"@id":"https:\/\/soniaperruquers.com\/#breadcrumb"},"inLanguage":"ca","potentialAction":[{"@type":"ReadAction","target":["https:\/\/soniaperruquers.com\/"]}]},{"@type":"ImageObject","inLanguage":"ca","@id":"https:\/\/soniaperruquers.com\/#primaryimage","url":"https:\/\/soniaperruquers.com\/wp-content\/uploads\/2025\/09\/2150668430.jpg","contentUrl":"https:\/\/soniaperruquers.com\/wp-content\/uploads\/2025\/09\/2150668430.jpg"},{"@type":"BreadcrumbList","@id":"https:\/\/soniaperruquers.com\/#breadcrumb","itemListElement":[{"@type":"ListItem","position":1,"name":"Portada","item":"https:\/\/soniaperruquers.com\/"},{"@type":"ListItem","position":2,"name":"Inicio"}]},{"@type":"WebSite","@id":"https:\/\/soniaperruquers.com\/#website","url":"https:\/\/soniaperruquers.com\/","name":"Sonia Perruquers","description":"Peluquer\u00eda","publisher":{"@id":"https:\/\/soniaperruquers.com\/#organization"},"potentialAction":[{"@type":"SearchAction","target":{"@type":"EntryPoint","urlTemplate":"https:\/\/soniaperruquers.com\/?s={search_term_string}"},"query-input":{"@type":"PropertyValueSpecification","valueRequired":true,"valueName":"search_term_string"}}],"inLanguage":"ca"},{"@type":"Organization","@id":"https:\/\/soniaperruquers.com\/#organization","name":"Sonia Perruquers","url":"https:\/\/soniaperruquers.com\/","logo":{"@type":"ImageObject","inLanguage":"ca","@id":"https:\/\/soniaperruquers.com\/#\/schema\/logo\/image\/","url":"https:\/\/soniaperruquers.com\/wp-content\/uploads\/2025\/09\/cropped-Alis-Hair-3.png","contentUrl":"https:\/\/soniaperruquers.com\/wp-content\/uploads\/2025\/09\/cropped-Alis-Hair-3.png","width":758,"height":627,"caption":"Sonia Perruquers"},"image":{"@id":"https:\/\/soniaperruquers.com\/#\/schema\/logo\/image\/"}}]}},"_links":{"self":[{"href":"https:\/\/soniaperruquers.com\/ca\/wp-json\/wp\/v2\/pages\/13","targetHints":{"allow":["GET"]}}],"collection":[{"href":"https:\/\/soniaperruquers.com\/ca\/wp-json\/wp\/v2\/pages"}],"about":[{"href":"https:\/\/soniaperruquers.com\/ca\/wp-json\/wp\/v2\/types\/page"}],"author":[{"embeddable":true,"href":"https:\/\/soniaperruquers.com\/ca\/wp-json\/wp\/v2\/users\/1"}],"replies":[{"embeddable":true,"href":"https:\/\/soniaperruquers.com\/ca\/wp-json\/wp\/v2\/comments?post=13"}],"version-history":[{"count":49,"href":"https:\/\/soniaperruquers.com\/ca\/wp-json\/wp\/v2\/pages\/13\/revisions"}],"predecessor-version":[{"id":373,"href":"https:\/\/soniaperruquers.com\/ca\/wp-json\/wp\/v2\/pages\/13\/revisions\/373"}],"wp:attachment":[{"href":"https:\/\/soniaperruquers.com\/ca\/wp-json\/wp\/v2\/media?parent=13"}],"curies":[{"name":"wp","href":"https:\/\/api.w.org\/{rel}","templated":true}]}}